{"id":61,"date":"2016-11-02T13:49:58","date_gmt":"2016-11-02T13:49:58","guid":{"rendered":"http:\/\/logicsantepro.fr\/?page_id=61"},"modified":"2026-02-18T08:03:00","modified_gmt":"2026-02-18T07:03:00","slug":"mentions-legales","status":"publish","type":"page","link":"https:\/\/www.logicsantepro.fr\/?page_id=61","title":{"rendered":"Mentions l\u00e9gales"},"content":{"rendered":"<p>[et_pb_section fb_built=\u00a0\u00bb1&Prime; custom_padding_last_edited=\u00a0\u00bbon|desktop\u00a0\u00bb admin_label=\u00a0\u00bbsection\u00a0\u00bb _builder_version=\u00a0\u00bb4.16&Prime; background_color=\u00a0\u00bb#d1d1d1&Prime; parallax=\u00a0\u00bbon\u00a0\u00bb custom_padding=\u00a0\u00bb0px|0px|1px|0px\u00a0\u00bb custom_padding_tablet=\u00a0\u00bb50px|0|50px|0&Prime; custom_padding_phone=\u00a0\u00bb50px|0|50px|0&Prime; transparent_background=\u00a0\u00bboff\u00a0\u00bb padding_mobile=\u00a0\u00bboff\u00a0\u00bb make_fullwidth=\u00a0\u00bboff\u00a0\u00bb use_custom_width=\u00a0\u00bboff\u00a0\u00bb width_unit=\u00a0\u00bboff\u00a0\u00bb custom_width_px=\u00a0\u00bb1080px\u00a0\u00bb custom_width_percent=\u00a0\u00bb80%\u00a0\u00bb global_colors_info=\u00a0\u00bb{}\u00a0\u00bb][et_pb_row padding_mobile=\u00a0\u00bboff\u00a0\u00bb column_padding_mobile=\u00a0\u00bbon\u00a0\u00bb admin_label=\u00a0\u00bbrow\u00a0\u00bb _builder_version=\u00a0\u00bb4.16&Prime; background_size=\u00a0\u00bbinitial\u00a0\u00bb background_position=\u00a0\u00bbtop_left\u00a0\u00bb background_repeat=\u00a0\u00bbrepeat\u00a0\u00bb make_fullwidth=\u00a0\u00bboff\u00a0\u00bb use_custom_width=\u00a0\u00bboff\u00a0\u00bb width_unit=\u00a0\u00bboff\u00a0\u00bb custom_width_px=\u00a0\u00bb1080px\u00a0\u00bb custom_width_percent=\u00a0\u00bb80%\u00a0\u00bb global_colors_info=\u00a0\u00bb{}\u00a0\u00bb][et_pb_column type=\u00a0\u00bb4_4&Prime; _builder_version=\u00a0\u00bb4.16&Prime; custom_padding=\u00a0\u00bb|||\u00a0\u00bb global_colors_info=\u00a0\u00bb{}\u00a0\u00bb custom_padding__hover=\u00a0\u00bb|||\u00a0\u00bb][et_pb_text admin_label=\u00a0\u00bbTexte\u00a0\u00bb _builder_version=\u00a0\u00bb4.16&Prime; text_font_size=\u00a0\u00bb17px\u00a0\u00bb background_size=\u00a0\u00bbinitial\u00a0\u00bb background_position=\u00a0\u00bbtop_left\u00a0\u00bb background_repeat=\u00a0\u00bbrepeat\u00a0\u00bb use_border_color=\u00a0\u00bboff\u00a0\u00bb border_style=\u00a0\u00bbsolid\u00a0\u00bb inline_fonts=\u00a0\u00bbOpen Sans\u00a0\u00bb global_colors_info=\u00a0\u00bb{}\u00a0\u00bb]<\/p>\n<p><span style=\"font-size: large;\"><strong><span style=\"color: #009fda;\">Mentions l\u00e9gales<\/span><\/strong><\/span><\/p>\n<h3>Nous vous remercions de votre visite sur le site www.logicsantepro.fr<\/h3>\n<p>Vous trouverez ci-dessous notre politique en mati\u00e8re de traitement de donn\u00e9es personnelles. Nous vous engageons<br \/>vivement \u00e0 la lire, en visitant ce site vous acceptez les pratiques que nous d\u00e9taillons et vous adh\u00e9rez aux termes et<br \/>conditions \u00e9nonc\u00e9es ci-apr\u00e8s.<\/p>\n<p>Le site www.Logicsantepro.fr est destin\u00e9 \u00e0 l\u2019information personnelle des internautes qui l\u2019utilisent<br \/>Informations g\u00e9n\u00e9rales :<br \/>Ce site est propri\u00e9t\u00e9 de Logicsantepro<br \/>Si\u00e8ge social : Logicsantepro \u2013 9 Ter rue des combottes 39700 RANCHOT<br \/>Ce site a \u00e9t\u00e9 cr\u00e9\u00e9 par : Logicsantepro<br \/>Ce site est maintenu par : Logicsantepro<br \/>Ce site est h\u00e9berg\u00e9 par : 1&amp;1 Internet SARL 7, place de la Gare BP 70109 57201 Sarreguemines Cedex<\/p>\n<p>Copyright : Logicsantepro<\/p>\n<h4><span style=\"text-decoration: underline;\">Droit applicable :<\/span><\/h4>\n<p>Le site Internet www.Logicsantepro.fr et les pr\u00e9sentes conditions g\u00e9n\u00e9rales sont soumises au droit fran\u00e7ais et sont<br \/>r\u00e9dig\u00e9es en fran\u00e7ais.<\/p>\n<p>Logicsantepro se r\u00e9serve le droit de modifier les pr\u00e9sentes mentions \u00e0 tout moment. L\u2019utilisateur s\u2019engage \u00e0 la<br \/>consulter r\u00e9guli\u00e8rement.<\/p>\n<h4><span style=\"text-decoration: underline;\">Protection des donn\u00e9es personnelles :<\/span><\/h4>\n<p>La consultation du site www.Logicsantepro.fr est possible sans que vous ayez \u00e0 r\u00e9v\u00e9ler votre identit\u00e9 ou toute autre<br \/>information \u00e0 caract\u00e8re personnel vous concernant.<br \/>La soci\u00e9t\u00e9 Logicsantepro s\u2019engage \u00e0 respecter votre vie priv\u00e9e et \u00e0 prot\u00e9ger les informations que vous lui<br \/>communiquez. En particulier, les donn\u00e9es personnelles collect\u00e9es sur le site Internet www.Logicsantepro.fr sont<br \/>destin\u00e9es \u00e0 l\u2019usage de Logicsantepro. Elles sont confidentielles et trait\u00e9es comme telles.<\/p>\n<p>Concernant les informations \u00e0 caract\u00e8re nominatif que vous seriez amen\u00e9s \u00e0 nous communiquer, vous b\u00e9n\u00e9ficiez<br \/>d\u2019un droit d\u2019acc\u00e8s et de rectification conform\u00e9ment \u00e0 la loi fran\u00e7aise Informatique et Libert\u00e9 n\u00b0 78-17 du 6 janvier<br \/>1978. Vous pouvez exercer ce droit aupr\u00e8s de Logicsantepro \u2013 Adresse : 9 Ter rue des combottes 39700 RANCHOT<br \/>Si vous \u00eates abonn\u00e9s \u00e0 des services d\u2019information par courrier \u00e9lectronique (\u00ab\u00a0newsletter\u00a0\u00bb) vous pouvez demander<br \/>ne plus recevoir ces courriers.<\/p>\n<p>Nous vous signalons qu\u2019afin de vous proposer des produits et services toujours plus adapt\u00e9s, certaines informations<br \/>caract\u00e8re non personnel, relatives \u00e0 votre activit\u00e9 sur ce site, seront automatiquement collect\u00e9es. Ces informations<br \/>sont destin\u00e9es \u00e0 Logicsantepro et pourront \u00e9galement \u00eatre utilis\u00e9es dans le cadre d\u2019op\u00e9rations commerciales ou de<br \/>marketing ou servir de base \u00e0 des \u00e9tudes et analyses.<\/p>\n<p>Ces informations ne seront en aucun cas communiqu\u00e9es \u00e0 des tiers. Seul le personnel de Logicsantepro ont acc\u00e8s<br \/>aux donn\u00e9es.<\/p>\n<h4 data-start=\"292\" data-end=\"316\"><span style=\"text-decoration: underline;\">Donn\u00e9es personnelles RGPD<\/span><\/h4>\n<p data-start=\"318\" data-end=\"595\">Conform\u00e9ment au R\u00e8glement (UE) 2016\/679 (RGPD) et \u00e0 la loi Informatique et Libert\u00e9s modifi\u00e9e, les donn\u00e9es personnelles collect\u00e9es via le pr\u00e9sent site sont destin\u00e9es exclusivement \u00e0 LOGICSANTEPRO dans le cadre de la gestion des demandes de contact et de la relation commerciale.<\/p>\n<p data-start=\"597\" data-end=\"757\">Les donn\u00e9es sont conserv\u00e9es pour la dur\u00e9e strictement n\u00e9cessaire \u00e0 la finalit\u00e9 du traitement et ne sont en aucun cas c\u00e9d\u00e9es \u00e0 des tiers, sauf obligation l\u00e9gale.<\/p>\n<p data-start=\"759\" data-end=\"1005\">Vous disposez d\u2019un droit d\u2019acc\u00e8s, de rectification, d\u2019effacement, de limitation, d\u2019opposition et de portabilit\u00e9 de vos donn\u00e9es.<br data-start=\"886\" data-end=\"889\" \/>Vous pouvez exercer ces droits en contactant LOGICSANTEPRO \u00e0 l\u2019adresse indiqu\u00e9e dans les pr\u00e9sentes mentions l\u00e9gales.<\/p>\n<h4><span style=\"text-decoration: underline;\">S\u00e9curit\u00e9 :<\/span><\/h4>\n<p>Nous prenons toutes les pr\u00e9cautions utiles afin de pr\u00e9server l\u2019int\u00e9grit\u00e9 des donn\u00e9es, leur confidentialit\u00e9 et emp\u00eacher<br \/>toute communication \u00e0 des tiers non autoris\u00e9s.<\/p>\n<h4><span style=\"text-decoration: underline;\">Liens hypertextes :<\/span><\/h4>\n<p>La mise en place d\u2019un lien hypertexte vers le site www.Logicsantepro.fr ne n\u00e9cessite pas d\u2019autorisation pr\u00e9alable et<br \/>\u00e9crite de Logicsantepro. N\u00e9anmoins, Logicsantepro doit en \u00eatre inform\u00e9 dans un d\u00e9lai maximum de 30 jours apr\u00e8s la<br \/>mise en place du lien.<\/p>\n<p>En tout \u00e9tat de cause, Logicsantepro n\u2019est en aucun cas tenue responsable du contenu ainsi que des produits ou<br \/>services propos\u00e9s sur les sites auxquels le site www.Logicsantepro.fr se trouverait li\u00e9 par des liens hypertextes ou<br \/>tout autre type de lien.<\/p>\n<h4><span style=\"text-decoration: underline;\">Droits de propri\u00e9t\u00e9 intellectuelle :<\/span><\/h4>\n<p>Logicsantepro avise les utilisateurs de ce site que de nombreux \u00e9l\u00e9ments de ce site :<br \/>a) sont prot\u00e9g\u00e9s par la l\u00e9gislation sur le droit d\u2019auteur : ce peut \u00eatre notamment le cas des photographies, des articles,<br \/>des dessins, des s\u00e9quences anim\u00e9es,&#8230; ;<br \/>b) et\/ou sont prot\u00e9g\u00e9s par la l\u00e9gislation sur les dessins et mod\u00e8les ;<br \/>c) sont prot\u00e9g\u00e9s par la l\u00e9gislation sur les marques.<\/p>\n<p>Les \u00e9l\u00e9ments ainsi prot\u00e9g\u00e9s sont la propri\u00e9t\u00e9 de Logicsantepro ou de tiers ayant autoris\u00e9 Logicsantepro \u00e0 les<br \/>exploiter.<\/p>\n<p>Toute reproduction, repr\u00e9sentation, utilisation, adaptation, modification, incorporation, traduction, commercialisation,<br \/>partielles ou int\u00e9grales par quelque proc\u00e9d\u00e9 et sur quelque support que ce soit (papier, num\u00e9rique, &#8230;) sont interdites,<br \/>sans l\u2019autorisation \u00e9crite pr\u00e9alable de Logicsantepro, hormis les exceptions vis\u00e9es \u00e0 l\u2019article L 122.5 du Code de la<br \/>Propri\u00e9t\u00e9 Intellectuelle, sous peine de constituer un d\u00e9lit de contrefa\u00e7on de droit d\u2019auteur et\/ou de dessins et mod\u00e8les<br \/>et\/ou de marque, puni de deux ans d\u2019emprisonnement et de 150 000\u20ac d\u2019amende.<\/p>\n<h4><span style=\"text-decoration: underline;\">Droits d\u2019auteur et\/ou Droits sur les Dessins et Mod\u00e8les :<\/span><\/h4>\n<p>Les photographies, textes, slogans, dessins, images, s\u00e9quences anim\u00e9es sonores ou non ainsi que toutes les \u0153uvres<br \/>int\u00e9gr\u00e9es dans le site sont la propri\u00e9t\u00e9 de Logicsantepro ou de tiers ayant autoris\u00e9 Logicsantepro \u00e0 les utiliser.<\/p>\n<p>Les reproductions, sur un support papier ou informatique, dudit site sont autoris\u00e9es sous r\u00e9serve qu\u2019elles soient<br \/>strictement r\u00e9serv\u00e9es \u00e0 un usage personnel excluant tout usage \u00e0 des fins publicitaires et\/ou commerciales et\/ou<br \/>d\u2019information et\/ou qu\u2019elles soient conformes aux dispositions de l\u2019article L122-5 du Code de la Propri\u00e9t\u00e9 Intellectuelle.<\/p>\n<h4><span style=\"text-decoration: underline;\">Informations relatives aux produits :<\/span><\/h4>\n<p>Dans le cadre d\u2019une politique d\u2019am\u00e9lioration constante de ses produits et services, Logicsantepro peut modifier \u00e0 tout<br \/>moment les caract\u00e9ristiques de son offre. Les produits et\/ou services pr\u00e9sent\u00e9s sur ce site sont ceux distribu\u00e9s en<br \/>France m\u00e9tropolitaine.<\/p>\n<p>En tout \u00e9tat de cause, les informations contenues sur ce site sont des informations \u00e0 caract\u00e8re g\u00e9n\u00e9ral et n\u2019ont pas<br \/>valeur contractuelle.<\/p>\n<h4><span style=\"text-decoration: underline;\">Limitation de responsabilit\u00e9 :<\/span><\/h4>\n<p>Vous utilisez le site www.Logicsantepro.fr sous votre seule et enti\u00e8re responsabilit\u00e9. Logicsantepro ne pourra \u00eatre<br \/>tenu pour responsable des dommages directs ou indirects, tels que, notamment, pr\u00e9judice mat\u00e9riel, pertes de<br \/>donn\u00e9es ou de programme, pr\u00e9judice financier, r\u00e9sultant de l\u2019utilisation de ce site ou de sites qui lui sont li\u00e9s.<\/p>\n<h4><span style=\"text-decoration: underline;\">Mise \u00e0 jour :<\/span><\/h4>\n<p>Logicsantepro se r\u00e9serve le droit de modifier et de mettre \u00e0 jour, sans pr\u00e9avis, les pr\u00e9sentes mentions l\u00e9gales et tous<br \/>les \u00e9l\u00e9ments, produits pr\u00e9sent\u00e9s sur le site. L\u2019ensemble de ces modifications s\u2019impose aux internautes qui doivent<br \/>consulter les pr\u00e9sentes Conditions G\u00e9n\u00e9rales lors de chaque connexion.<\/p>\n<h4><span style=\"text-decoration: underline;\">Donn\u00e9es statistiques de suivi :<\/span><\/h4>\n<p>Nous utilisons les donn\u00e9es de connexion pour nos statistiques de consultation (type de navigateur, nombre de<br \/>visiteurs, rubriques visit\u00e9es\u2026) pour l\u2019optimisation de notre site en terme de rubriques et de navigation, mais ces<br \/>informations ne sont pas transmises \u00e0 des tiers.<\/p>\n<h4 data-start=\"1391\" data-end=\"1444\"><span style=\"text-decoration: underline;\">Clause de non-garantie et pr\u00e9valence contractuelle :<\/span><\/h4>\n<p data-start=\"1446\" data-end=\"1577\">Les informations figurant sur le pr\u00e9sent site ont un caract\u00e8re purement informatif et ne constituent pas un engagement contractuel.<\/p>\n<p data-start=\"1579\" data-end=\"1715\">Les prestations propos\u00e9es par LOGICSANTEPRO sont r\u00e9alis\u00e9es dans le cadre d\u2019une obligation de moyens et non d\u2019une obligation de r\u00e9sultat.<\/p>\n<p data-start=\"1717\" data-end=\"1988\">Les engagements pr\u00e9cis, niveaux de service et limitations de responsabilit\u00e9 applicables sont exclusivement d\u00e9finis dans les contrats et conditions g\u00e9n\u00e9rales sign\u00e9s avec le client, lesquels pr\u00e9valent sur toute communication commerciale ou information figurant sur le site.<\/p>\n<p data-start=\"1990\" data-end=\"2172\">La mise en place d\u2019un dispositif de sauvegarde ou de maintenance ne constitue pas une garantie absolue contre toute perte de donn\u00e9es, d\u00e9faillance mat\u00e9rielle ou alt\u00e9ration logicielle.<\/p>\n<p>&nbsp;<\/p>\n<h4><span style=\"text-decoration: underline;\">La reproduction sur support papier :<\/span><\/h4>\n<p>A l\u2019exception de l\u2019iconographie, la reproduction des pages de ce site sur un support papier est autoris\u00e9e, sous r\u00e9serve<br \/>du respect des trois conditions suivantes :<\/p>\n<p>&#8211; gratuit\u00e9 de la diffusion.<br \/>&#8211; respect de l\u2019int\u00e9grit\u00e9 des documents reproduits (aucune modification, ni alt\u00e9ration d\u2019aucune sorte).<br \/>&#8211; citation explicite du site www.Logicsantepro.fr comme source et mention que les droits de reproduction sont r\u00e9serv\u00e9s<br \/>et strictement limit\u00e9es.<\/p>\n<h4>( Mentions l\u00e9gales )<\/h4>\n<p>[\/et_pb_text][\/et_pb_column][\/et_pb_row][\/et_pb_section]<\/p>\n","protected":false},"excerpt":{"rendered":"<p>Mentions l\u00e9gales Nous vous remercions de votre visite sur le site www.logicsantepro.fr Vous trouverez ci-dessous notre politique en mati\u00e8re de traitement de donn\u00e9es personnelles. Nous vous engageonsvivement \u00e0 la lire, en visitant ce site vous acceptez les pratiques que nous d\u00e9taillons et vous adh\u00e9rez aux termes etconditions \u00e9nonc\u00e9es ci-apr\u00e8s. Le site www.Logicsantepro.fr est destin\u00e9 \u00e0 [&hellip;]<\/p>\n","protected":false},"author":1,"featured_media":0,"parent":0,"menu_order":0,"comment_status":"closed","ping_status":"closed","template":"","meta":{"_et_pb_use_builder":"on","_et_pb_old_content":"","_et_gb_content_width":"","footnotes":""},"class_list":["post-61","page","type-page","status-publish","hentry"],"_links":{"self":[{"href":"https:\/\/www.logicsantepro.fr\/index.php?rest_route=\/wp\/v2\/pages\/61","targetHints":{"allow":["GET"]}}],"collection":[{"href":"https:\/\/www.logicsantepro.fr\/index.php?rest_route=\/wp\/v2\/pages"}],"about":[{"href":"https:\/\/www.logicsantepro.fr\/index.php?rest_route=\/wp\/v2\/types\/page"}],"author":[{"embeddable":true,"href":"https:\/\/www.logicsantepro.fr\/index.php?rest_route=\/wp\/v2\/users\/1"}],"replies":[{"embeddable":true,"href":"https:\/\/www.logicsantepro.fr\/index.php?rest_route=%2Fwp%2Fv2%2Fcomments&post=61"}],"version-history":[{"count":18,"href":"https:\/\/www.logicsantepro.fr\/index.php?rest_route=\/wp\/v2\/pages\/61\/revisions"}],"predecessor-version":[{"id":29388,"href":"https:\/\/www.logicsantepro.fr\/index.php?rest_route=\/wp\/v2\/pages\/61\/revisions\/29388"}],"wp:attachment":[{"href":"https:\/\/www.logicsantepro.fr\/index.php?rest_route=%2Fwp%2Fv2%2Fmedia&parent=61"}],"curies":[{"name":"wp","href":"https:\/\/api.w.org\/{rel}","templated":true}]}}