{"id":72,"date":"2016-11-02T14:51:49","date_gmt":"2016-11-02T14:51:49","guid":{"rendered":"http:\/\/logicsantepro.fr\/?page_id=72"},"modified":"2018-02-12T15:53:09","modified_gmt":"2018-02-12T14:53:09","slug":"telemaintenance","status":"publish","type":"page","link":"https:\/\/www.logicsantepro.fr\/?page_id=72","title":{"rendered":"T\u00e9l\u00e9maintenance"},"content":{"rendered":"<p>[et_pb_section fb_built=\u00a0\u00bb1&Prime; fullwidth=\u00a0\u00bbon\u00a0\u00bb admin_label=\u00a0\u00bbSection\u00a0\u00bb custom_padding_last_edited=\u00a0\u00bbon|desktop\u00a0\u00bb _builder_version=\u00a0\u00bb3.0.47&Prime; custom_padding=\u00a0\u00bb0px|0px|0px|0px\u00a0\u00bb custom_padding_tablet=\u00a0\u00bb50px|0|50px|0&Prime; transparent_background=\u00a0\u00bboff\u00a0\u00bb padding_mobile=\u00a0\u00bboff\u00a0\u00bb][et_pb_fullwidth_slider admin_label=\u00a0\u00bbCurseur de d\u00e9filement plein \u00e9cran\u00a0\u00bb _builder_version=\u00a0\u00bb3.0.92&Prime; header_font_size=\u00a0\u00bb50px\u00a0\u00bb background_size=\u00a0\u00bbdefault\u00a0\u00bb background_position=\u00a0\u00bbdefault\u00a0\u00bb custom_padding=\u00a0\u00bb|||\u00a0\u00bb custom_padding_tablet=\u00a0\u00bb|||\u00a0\u00bb custom_padding_phone=\u00a0\u00bb|||\u00a0\u00bb remove_inner_shadow=\u00a0\u00bboff\u00a0\u00bb hide_content_on_mobile=\u00a0\u00bboff\u00a0\u00bb hide_cta_on_mobile=\u00a0\u00bboff\u00a0\u00bb][et_pb_slide heading=\u00a0\u00bbSUPPORT A DISTANCE\u00a0\u00bb image=\u00a0\u00bbhttps:\/\/www.logicsantepro.fr\/wp-content\/uploads\/2016\/11\/teamviewer-logo-icon-9.png\u00a0\u00bb use_bg_overlay=\u00a0\u00bbon\u00a0\u00bb bg_overlay_color=\u00a0\u00bbrgba(0,0,28,0.43)\u00a0\u00bb use_text_overlay=\u00a0\u00bboff\u00a0\u00bb _builder_version=\u00a0\u00bb3.0.92&Prime; header_font=\u00a0\u00bb||||\u00a0\u00bb body_font=\u00a0\u00bb||||\u00a0\u00bb body_font_size=\u00a0\u00bb24px\u00a0\u00bb background_image=\u00a0\u00bbhttps:\/\/www.logicsantepro.fr\/wp-content\/uploads\/2016\/11\/114.jpg\u00a0\u00bb background_size=\u00a0\u00bbdefault\u00a0\u00bb background_position=\u00a0\u00bbdefault\u00a0\u00bb custom_button=\u00a0\u00bboff\u00a0\u00bb button_icon_placement=\u00a0\u00bbright\u00a0\u00bb button_on_hover=\u00a0\u00bbon\u00a0\u00bb]<span style=\"color: #ffffff; font-family: 'Copperplate Gothic Light', sans-serif; font-size: large;\">Afin de mieux vous aider ! T\u00e9l\u00e9charger l&rsquo;outils de support TeamViewer, ex\u00e9cuter le et communiquer le N\u00b0 ID et le code au technicien afin de commencer la prise en mains \u00e0 distance<\/span><br \/>\n[\/et_pb_slide][\/et_pb_fullwidth_slider][\/et_pb_section][et_pb_section fb_built=\u00a0\u00bb1&Prime; background_color=\u00a0\u00bb#8bd3c8&Prime; admin_label=\u00a0\u00bbSection\u00a0\u00bb custom_padding_last_edited=\u00a0\u00bbon|desktop\u00a0\u00bb _builder_version=\u00a0\u00bb3.0.47&Prime; custom_padding=\u00a0\u00bb0px|0px|3px|0px\u00a0\u00bb custom_padding_tablet=\u00a0\u00bb50px|0|50px|0&Prime; transparent_background=\u00a0\u00bboff\u00a0\u00bb padding_mobile=\u00a0\u00bboff\u00a0\u00bb][et_pb_row custom_padding=\u00a0\u00bb25px|0px|13px|0px\u00a0\u00bb padding_mobile=\u00a0\u00bboff\u00a0\u00bb column_padding_mobile=\u00a0\u00bbon\u00a0\u00bb admin_label=\u00a0\u00bbrow\u00a0\u00bb _builder_version=\u00a0\u00bb3.0.47&Prime; background_size=\u00a0\u00bbinitial\u00a0\u00bb background_position=\u00a0\u00bbtop_left\u00a0\u00bb background_repeat=\u00a0\u00bbrepeat\u00a0\u00bb][et_pb_column type=\u00a0\u00bb4_4&Prime; _builder_version=\u00a0\u00bb3.0.47&Prime; column_padding_mobile=\u00a0\u00bbon\u00a0\u00bb parallax=\u00a0\u00bboff\u00a0\u00bb parallax_method=\u00a0\u00bbon\u00a0\u00bb][et_pb_text admin_label=\u00a0\u00bbTexte\u00a0\u00bb _builder_version=\u00a0\u00bb3.0.47&Prime; background_size=\u00a0\u00bbinitial\u00a0\u00bb background_position=\u00a0\u00bbtop_left\u00a0\u00bb background_repeat=\u00a0\u00bbrepeat\u00a0\u00bb text_orientation=\u00a0\u00bbcenter\u00a0\u00bb module_alignment=\u00a0\u00bbcenter\u00a0\u00bb use_border_color=\u00a0\u00bboff\u00a0\u00bb border_style=\u00a0\u00bbsolid\u00a0\u00bb inline_fonts=\u00a0\u00bbRaleway,Open Sans Light\u00a0\u00bb]<\/p>\n<h1><span style=\"color: #2d2d2d; font-size: x-large; font-family: 'Open Sans';\"><span style=\"color: #333333;\">Un<\/span><\/span><span style=\"color: #2d2d2d; font-size: x-large; font-family: 'Open Sans';\"><span style=\"color: #333333;\"> forfait comprend la hotline, la prise en main \u00e0 distance, la maintenance de votre mat\u00e9riel y compris le samedi \u2026 en illimit\u00e9!! \u00a0<\/span><\/span><span style=\"color: #2d2d2d; font-size: x-large; font-family: 'Open Sans';\"><span style=\"text-decoration: underline; color: #0c71c3;\"><a style=\"color: #0c71c3; text-decoration: underline;\" href=\"nos-tarifs\">cliquez-ici<\/a><\/span><\/span><\/h1>\n<p>[\/et_pb_text][\/et_pb_column][\/et_pb_row][\/et_pb_section][et_pb_section fb_built=\u00a0\u00bb1&Prime; background_color=\u00a0\u00bb#eaeaea\u00a0\u00bb admin_label=\u00a0\u00bbSection\u00a0\u00bb custom_padding_last_edited=\u00a0\u00bbon|desktop\u00a0\u00bb _builder_version=\u00a0\u00bb3.0.47&Prime; custom_padding=\u00a0\u00bb0px|0px|20px|0px\u00a0\u00bb custom_padding_tablet=\u00a0\u00bb50px|0|50px|0&Prime; transparent_background=\u00a0\u00bboff\u00a0\u00bb padding_mobile=\u00a0\u00bboff\u00a0\u00bb][et_pb_row padding_mobile=\u00a0\u00bboff\u00a0\u00bb column_padding_mobile=\u00a0\u00bbon\u00a0\u00bb admin_label=\u00a0\u00bbrow\u00a0\u00bb _builder_version=\u00a0\u00bb3.0.47&Prime; background_size=\u00a0\u00bbinitial\u00a0\u00bb background_position=\u00a0\u00bbtop_left\u00a0\u00bb background_repeat=\u00a0\u00bbrepeat\u00a0\u00bb][et_pb_column type=\u00a0\u00bb4_4&Prime; _builder_version=\u00a0\u00bb3.0.47&Prime; column_padding_mobile=\u00a0\u00bbon\u00a0\u00bb parallax=\u00a0\u00bboff\u00a0\u00bb parallax_method=\u00a0\u00bbon\u00a0\u00bb][et_pb_text admin_label=\u00a0\u00bbTexte\u00a0\u00bb _builder_version=\u00a0\u00bb3.0.47&Prime; background_size=\u00a0\u00bbinitial\u00a0\u00bb background_position=\u00a0\u00bbtop_left\u00a0\u00bb background_repeat=\u00a0\u00bbrepeat\u00a0\u00bb text_orientation=\u00a0\u00bbcenter\u00a0\u00bb module_alignment=\u00a0\u00bbcenter\u00a0\u00bb use_border_color=\u00a0\u00bboff\u00a0\u00bb border_style=\u00a0\u00bbsolid\u00a0\u00bb]<\/p>\n<h3 style=\"text-align: center;\"><strong>Prise en main \u00e0 distance sur vos postes avec TeamViewer<\/strong><\/h3>\n<p><span style=\"color: #333333;\">E<span style=\"font-size: large;\">n cas d\u2019incident, un technicien <strong>LOGICSANTEPRO<\/strong> prendra la main sur votre poste de travail pendant le temps n\u00e9cessaire \u00e0 la r\u00e9solution du probl\u00e8me.<\/span><\/span><\/p>\n<p><span style=\"font-size: large; color: #333333;\">Cliquez sur le lien ci-dessous et suivez les instructions\u00a0:<\/span><\/p>\n<p>[\/et_pb_text][\/et_pb_column][\/et_pb_row][et_pb_row padding_mobile=\u00a0\u00bboff\u00a0\u00bb column_padding_mobile=\u00a0\u00bbon\u00a0\u00bb admin_label=\u00a0\u00bbLigne\u00a0\u00bb _builder_version=\u00a0\u00bb3.0.47&Prime; background_size=\u00a0\u00bbinitial\u00a0\u00bb background_position=\u00a0\u00bbtop_left\u00a0\u00bb background_repeat=\u00a0\u00bbrepeat\u00a0\u00bb][et_pb_column type=\u00a0\u00bb1_2&Prime; _builder_version=\u00a0\u00bb3.0.47&Prime; column_padding_mobile=\u00a0\u00bbon\u00a0\u00bb parallax=\u00a0\u00bboff\u00a0\u00bb parallax_method=\u00a0\u00bbon\u00a0\u00bb][et_pb_blurb title=\u00a0\u00bbTeamviewer PC\u00a0\u00bb icon_color=\u00a0\u00bb#0c71c3&Prime; use_circle=\u00a0\u00bbon\u00a0\u00bb circle_color=\u00a0\u00bb#ffffff\u00a0\u00bb admin_label=\u00a0\u00bbR\u00e9sum\u00e9\u00a0\u00bb _builder_version=\u00a0\u00bb3.0.47&Prime; header_font_size=\u00a0\u00bb20&Prime; background_size=\u00a0\u00bbinitial\u00a0\u00bb background_position=\u00a0\u00bbtop_left\u00a0\u00bb background_repeat=\u00a0\u00bbrepeat\u00a0\u00bb text_orientation=\u00a0\u00bbcenter\u00a0\u00bb custom_margin=\u00a0\u00bb20px||105px|\u00a0\u00bb animation=\u00a0\u00bboff\u00a0\u00bb use_border_color=\u00a0\u00bboff\u00a0\u00bb border_color=\u00a0\u00bb#ffffff\u00a0\u00bb border_width=\u00a0\u00bb1px\u00a0\u00bb border_style=\u00a0\u00bbsolid\u00a0\u00bb]<a href=\"http:\/\/127.0.0.1:4001\/wordpress\/wp-content\/uploads\/2016\/10\/windows-main.png\"><img loading=\"lazy\" decoding=\"async\" class=\"alignnone size-medium wp-image-496\" src=\"http:\/\/logicsantepro.fr\/wp-content\/uploads\/2016\/11\/windows-main-300x181.png\" alt=\"windows-main\" width=\"300\" height=\"181\" \/><\/a><br \/>\n[\/et_pb_blurb][et_pb_button button_url=\u00a0\u00bbhttps:\/\/get.teamviewer.com\/5wzcswc\u00a0\u00bb button_text=\u00a0\u00bbT\u00e9l\u00e9charger\u00a0\u00bb button_alignment=\u00a0\u00bbcenter\u00a0\u00bb admin_label=\u00a0\u00bbBouton\u00a0\u00bb _builder_version=\u00a0\u00bb3.0.92&Prime; custom_button=\u00a0\u00bbon\u00a0\u00bb button_text_size=\u00a0\u00bb19&Prime; button_text_color=\u00a0\u00bb#ffffff\u00a0\u00bb button_bg_color=\u00a0\u00bb#3c3c3c\u00a0\u00bb button_border_width=\u00a0\u00bb1px\u00a0\u00bb button_border_color=\u00a0\u00bb#3c3c3c\u00a0\u00bb button_border_radius=\u00a0\u00bb48px\u00a0\u00bb button_use_icon=\u00a0\u00bbdefault\u00a0\u00bb button_icon=\u00a0\u00bb\ue092\u00a0\u00bb button_icon_color=\u00a0\u00bb#ffffff\u00a0\u00bb button_text_color_hover=\u00a0\u00bb#ffffff\u00a0\u00bb button_bg_color_hover=\u00a0\u00bb#8bd3c8&Prime; button_border_color_hover=\u00a0\u00bb#8bd3c8&Prime;] [\/et_pb_button][\/et_pb_column][et_pb_column type=\u00a0\u00bb1_2&Prime; _builder_version=\u00a0\u00bb3.0.47&Prime; column_padding_mobile=\u00a0\u00bbon\u00a0\u00bb parallax=\u00a0\u00bboff\u00a0\u00bb parallax_method=\u00a0\u00bbon\u00a0\u00bb][et_pb_blurb title=\u00a0\u00bbTeamviewer MAC\u00a0\u00bb icon_color=\u00a0\u00bb#0c71c3&Prime; use_circle=\u00a0\u00bbon\u00a0\u00bb circle_color=\u00a0\u00bb#ffffff\u00a0\u00bb admin_label=\u00a0\u00bbR\u00e9sum\u00e9\u00a0\u00bb _builder_version=\u00a0\u00bb3.0.47&Prime; header_font_size=\u00a0\u00bb20&Prime; background_size=\u00a0\u00bbinitial\u00a0\u00bb background_position=\u00a0\u00bbtop_left\u00a0\u00bb background_repeat=\u00a0\u00bbrepeat\u00a0\u00bb text_orientation=\u00a0\u00bbcenter\u00a0\u00bb custom_margin=\u00a0\u00bb20px|||\u00a0\u00bb animation=\u00a0\u00bboff\u00a0\u00bb use_border_color=\u00a0\u00bboff\u00a0\u00bb border_color=\u00a0\u00bb#ffffff\u00a0\u00bb border_width=\u00a0\u00bb1px\u00a0\u00bb border_style=\u00a0\u00bbsolid\u00a0\u00bb]<a href=\"http:\/\/127.0.0.1:4001\/wordpress\/wp-content\/uploads\/2016\/10\/mac.png\"><img loading=\"lazy\" decoding=\"async\" class=\"alignnone size-medium wp-image-498\" src=\"http:\/\/logicsantepro.fr\/wp-content\/uploads\/2016\/11\/mac-300x258.png\" alt=\"mac\" width=\"300\" height=\"258\" \/><\/a><br \/>\n[\/et_pb_blurb][et_pb_button button_url=\u00a0\u00bbhttps:\/\/get.teamviewer.com\/5wzcswc\u00a0\u00bb button_text=\u00a0\u00bbT\u00e9l\u00e9charger\u00a0\u00bb button_alignment=\u00a0\u00bbcenter\u00a0\u00bb admin_label=\u00a0\u00bbBouton\u00a0\u00bb _builder_version=\u00a0\u00bb3.0.92&Prime; custom_button=\u00a0\u00bbon\u00a0\u00bb button_text_size=\u00a0\u00bb19&Prime; button_text_color=\u00a0\u00bb#ffffff\u00a0\u00bb button_bg_color=\u00a0\u00bb#3c3c3c\u00a0\u00bb button_border_width=\u00a0\u00bb1px\u00a0\u00bb button_border_color=\u00a0\u00bb#3c3c3c\u00a0\u00bb button_border_radius=\u00a0\u00bb48px\u00a0\u00bb button_use_icon=\u00a0\u00bbdefault\u00a0\u00bb button_icon=\u00a0\u00bb\ue092\u00a0\u00bb button_icon_color=\u00a0\u00bb#ffffff\u00a0\u00bb button_text_color_hover=\u00a0\u00bb#ffffff\u00a0\u00bb button_bg_color_hover=\u00a0\u00bb#8bd3c8&Prime; button_border_color_hover=\u00a0\u00bb#8bd3c8&Prime;] [\/et_pb_button][\/et_pb_column][\/et_pb_row][\/et_pb_section]<\/p>\n","protected":false},"excerpt":{"rendered":"<p>Afin de mieux vous aider ! T\u00e9l\u00e9charger l&rsquo;outils de support TeamViewer, ex\u00e9cuter le et communiquer le N\u00b0 ID et le code au technicien afin de commencer la prise en mains \u00e0 distance Un forfait comprend la hotline, la prise en main \u00e0 distance, la maintenance de votre mat\u00e9riel y compris le samedi \u2026 en illimit\u00e9!! [&hellip;]<\/p>\n","protected":false},"author":1,"featured_media":0,"parent":0,"menu_order":0,"comment_status":"closed","ping_status":"closed","template":"","meta":{"_et_pb_use_builder":"on","_et_pb_old_content":"","_et_gb_content_width":"","footnotes":""},"class_list":["post-72","page","type-page","status-publish","hentry"],"_links":{"self":[{"href":"https:\/\/www.logicsantepro.fr\/index.php?rest_route=\/wp\/v2\/pages\/72","targetHints":{"allow":["GET"]}}],"collection":[{"href":"https:\/\/www.logicsantepro.fr\/index.php?rest_route=\/wp\/v2\/pages"}],"about":[{"href":"https:\/\/www.logicsantepro.fr\/index.php?rest_route=\/wp\/v2\/types\/page"}],"author":[{"embeddable":true,"href":"https:\/\/www.logicsantepro.fr\/index.php?rest_route=\/wp\/v2\/users\/1"}],"replies":[{"embeddable":true,"href":"https:\/\/www.logicsantepro.fr\/index.php?rest_route=%2Fwp%2Fv2%2Fcomments&post=72"}],"version-history":[{"count":35,"href":"https:\/\/www.logicsantepro.fr\/index.php?rest_route=\/wp\/v2\/pages\/72\/revisions"}],"predecessor-version":[{"id":29178,"href":"https:\/\/www.logicsantepro.fr\/index.php?rest_route=\/wp\/v2\/pages\/72\/revisions\/29178"}],"wp:attachment":[{"href":"https:\/\/www.logicsantepro.fr\/index.php?rest_route=%2Fwp%2Fv2%2Fmedia&parent=72"}],"curies":[{"name":"wp","href":"https:\/\/api.w.org\/{rel}","templated":true}]}}